{"id":1382,"date":"2022-01-11T20:57:59","date_gmt":"2022-01-11T19:57:59","guid":{"rendered":"http:\/\/apeletouquet.com\/?page_id=1382"},"modified":"2025-02-22T15:54:12","modified_gmt":"2025-02-22T14:54:12","slug":"commission-transports-et-inscriptions","status":"publish","type":"page","link":"https:\/\/apeletouquet.com\/index.php\/commission-transports-et-inscriptions\/","title":{"rendered":"Commission Transports et Inscriptions"},"content":{"rendered":"<div data-colibri-id=\"1382-c1\" class=\"style-626 style-local-1382-c1 position-relative\">\r\n  <!---->\r\n  <div data-colibri-component=\"section\" data-colibri-id=\"1382-c2\" id=\"custom\" class=\"h-section h-section-global-spacing d-flex align-items-lg-center align-items-md-center align-items-center style-627 style-local-1382-c2 position-relative\">\r\n    <!---->\r\n    <!---->\r\n    <div class=\"h-section-grid-container h-section-boxed-container\">\r\n      <!---->\r\n      <div data-colibri-id=\"1382-c3\" class=\"h-row-container gutters-row-lg-2 gutters-row-md-2 gutters-row-0 gutters-row-v-lg-2 gutters-row-v-md-2 gutters-row-v-2 style-628 style-local-1382-c3 position-relative\">\r\n        <!---->\r\n        <div class=\"h-row justify-content-lg-center justify-content-md-center justify-content-center align-items-lg-stretch align-items-md-stretch align-items-stretch gutters-col-lg-2 gutters-col-md-2 gutters-col-0 gutters-col-v-lg-2 gutters-col-v-md-2 gutters-col-v-2\">\r\n          <!---->\r\n          <div class=\"h-column h-column-container d-flex h-col-lg-auto h-col-md-auto h-col-auto style-629-outer style-local-1382-c4-outer\">\r\n            <div data-colibri-id=\"1382-c4\" class=\"d-flex h-flex-basis h-column__inner h-px-lg-2 h-px-md-2 h-px-2 v-inner-lg-2 v-inner-md-2 v-inner-2 style-629 style-local-1382-c4 position-relative\">\r\n              <!---->\r\n              <!---->\r\n              <div class=\"w-100 h-y-container h-column__content h-column__v-align flex-basis-100 align-self-lg-start align-self-md-start align-self-start\">\r\n                <!---->\r\n                <div data-colibri-id=\"1382-c5\" class=\"h-text h-text-component style-630 style-local-1382-c5 position-relative h-element\">\r\n                  <!---->\r\n                  <!---->\r\n                  <div class=\"\">\r\n                    <p>TARIFS: Adh\u00e9sion APE 35\u20ac \/ an<\/p>\r\n                    <p>Dans la rubrique t\u00e9l\u00e9chargements sont indiqu\u00e9s de nombreux renseignements sur le transport en<\/p>\r\n                    <p>Pour les lyc\u00e9ens, la r\u00e9gion Hauts-de-France propose la gratuit\u00e9 des transports.<\/p>\r\n                    <p>Des navettes sont organis\u00e9es entre la gare d&rsquo;Etaples et le lyc\u00e9e le dimanche soir et vendredi apr\u00e8s-midi, pour les \u00e9l\u00e8ves lyc\u00e9ens (gratuit)\r\n                      <br>et postbac (1\u20ac).<\/p>\r\n                    <p>\r\n                      <br>\r\n                    <\/p>\r\n                    <p>Responsable de la commission transport-inscription\r\n                      <br><span style=\"font-weight: 600;\">Mme DELECAUT<br><\/span>16 rue Duval Galant 62200 BOULOGNE SUR MER\r\n                      <br>Email :\r\n                      <a href=\"mailto:transportinscription@apeletouquet.com\">transportinscription@apeletouquet.com<\/a>\r\n                    <\/p>\r\n                    <p>\r\n                      <br>\r\n                    <\/p>\r\n                  <\/div>\r\n                <\/div>\r\n              <\/div>\r\n            <\/div>\r\n          <\/div>\r\n        <\/div>\r\n      <\/div>\r\n    <\/div>\r\n  <\/div>\r\n<\/div>","protected":false},"excerpt":{"rendered":"<p>TARIFS: Adh\u00e9sion APE 35\u20ac \/ an Dans la rubrique t\u00e9l\u00e9chargements sont indiqu\u00e9s de nombreux renseignements sur le transport en Pour les lyc\u00e9ens, la r\u00e9gion Hauts-de-France propose la gratuit\u00e9 des transports. Des navettes sont organis\u00e9es entre la gare d&rsquo;Etaples et le lyc\u00e9e le dimanche soir et vendredi apr\u00e8s-midi, pour les \u00e9l\u00e8ves lyc\u00e9ens (gratuit) et postbac (1\u20ac). [&hellip;]<\/p>\n","protected":false},"author":2,"featured_media":0,"parent":0,"menu_order":0,"comment_status":"closed","ping_status":"closed","template":"page-templates\/full-width-page.php","meta":{"footnotes":""},"class_list":["post-1382","page","type-page","status-publish","hentry"],"_links":{"self":[{"href":"https:\/\/apeletouquet.com\/index.php\/wp-json\/wp\/v2\/pages\/1382","targetHints":{"allow":["GET"]}}],"collection":[{"href":"https:\/\/apeletouquet.com\/index.php\/wp-json\/wp\/v2\/pages"}],"about":[{"href":"https:\/\/apeletouquet.com\/index.php\/wp-json\/wp\/v2\/types\/page"}],"author":[{"embeddable":true,"href":"https:\/\/apeletouquet.com\/index.php\/wp-json\/wp\/v2\/users\/2"}],"replies":[{"embeddable":true,"href":"https:\/\/apeletouquet.com\/index.php\/wp-json\/wp\/v2\/comments?post=1382"}],"version-history":[{"count":10,"href":"https:\/\/apeletouquet.com\/index.php\/wp-json\/wp\/v2\/pages\/1382\/revisions"}],"predecessor-version":[{"id":4071,"href":"https:\/\/apeletouquet.com\/index.php\/wp-json\/wp\/v2\/pages\/1382\/revisions\/4071"}],"wp:attachment":[{"href":"https:\/\/apeletouquet.com\/index.php\/wp-json\/wp\/v2\/media?parent=1382"}],"curies":[{"name":"wp","href":"https:\/\/api.w.org\/{rel}","templated":true}]}}