{"id":1392,"date":"2022-01-11T20:59:20","date_gmt":"2022-01-11T19:59:20","guid":{"rendered":"http:\/\/apeletouquet.com\/?page_id=1392"},"modified":"2023-10-29T21:24:44","modified_gmt":"2023-10-29T20:24:44","slug":"commission-vetements","status":"publish","type":"page","link":"https:\/\/apeletouquet.com\/index.php\/commission-vetements\/","title":{"rendered":"Commission V\u00eatements"},"content":{"rendered":"<div data-colibri-id=\"1392-c1\" class=\"style-631 style-local-1392-c1 position-relative\">\n  <!---->\n  <div data-colibri-component=\"section\" data-colibri-id=\"1392-c2\" id=\"custom\" class=\"h-section h-section-global-spacing d-flex align-items-lg-center align-items-md-center align-items-center style-632 style-local-1392-c2 position-relative\">\n    <!---->\n    <!---->\n    <div class=\"h-section-grid-container h-section-boxed-container\">\n      <!---->\n      <div data-colibri-id=\"1392-c3\" class=\"h-row-container gutters-row-lg-2 gutters-row-md-2 gutters-row-0 gutters-row-v-lg-2 gutters-row-v-md-2 gutters-row-v-2 style-633 style-local-1392-c3 position-relative\">\n        <!---->\n        <div class=\"h-row justify-content-lg-center justify-content-md-center justify-content-center align-items-lg-stretch align-items-md-stretch align-items-stretch gutters-col-lg-2 gutters-col-md-2 gutters-col-0 gutters-col-v-lg-2 gutters-col-v-md-2 gutters-col-v-2\">\n          <!---->\n          <div class=\"h-column h-column-container d-flex h-col-lg-auto h-col-md-auto h-col-auto style-634-outer style-local-1392-c4-outer\">\n            <div data-colibri-id=\"1392-c4\" class=\"d-flex h-flex-basis h-column__inner h-px-lg-2 h-px-md-2 h-px-2 v-inner-lg-2 v-inner-md-2 v-inner-2 style-634 style-local-1392-c4 position-relative\">\n              <!---->\n              <!---->\n              <div class=\"w-100 h-y-container h-column__content h-column__v-align flex-basis-100 align-self-lg-start align-self-md-start align-self-start\">\n                <!---->\n                <div data-colibri-id=\"1392-c5\" class=\"h-text h-text-component style-635 style-local-1392-c5 position-relative h-element\">\n                  <!---->\n                  <!---->\n                  <div class=\"\">\n                    <p>L\u2019activit\u00e9 principale de cette commission est de g\u00e9rer la bourse aux v\u00eatements qui se d\u00e9roule chaque ann\u00e9e le jour des inscriptions (d\u00e9but juillet)<\/p>\n                    <p>En pr\u00e9alable \u00e0 cette journ\u00e9e de vente, l\u2019A.P. E organise, en janvier, des s\u00e9ances de reprise de v\u00eatements qui permettent aux parents de venir d\u00e9poser ceux qu\u2019ils d\u00e9sirent vendre.<\/p>\n                    <p>Cette bourse d\u2019\u00e9change repr\u00e9sente toujours un gros travail de pr\u00e9paration (collecte des v\u00eatements\/ \u00c9tiquetage \/ tri), d\u2019organisation le jour de la vente, mais aussi de suivi pour le paiement des ventes et la restitution des invendus.<\/p>\n                    <p>\n                      <br>\n                    <\/p>\n                    <p>\n                      <br>\n                    <\/p>\n                    <p>Si vous d\u00e9sirez vendre des v\u00eatements, n\u2019h\u00e9sitez pas \u00e0 contacter le responsable de la commission.<\/p>\n                    <p>Il est \u00e0 noter que pour pouvoir b\u00e9n\u00e9ficier de ce service, que ce soit en tant qu\u2019acheteur ou en tant que vendeur, il faut obligatoirement \u00eatre \u00e0 jour du paiement de la cotisation A.P.E. qui est de 35\u20ac<\/p>\n                    <p>\n                      <br>\n                    <\/p>\n                    <p>\n                      <br>\n                    <\/p>\n                    <p>Responsable de la commission V\u00eatements :&nbsp;\n                      <br>Mathilde Guillot\n                      <br>Email :\n                      <a href=\"mailto: vetements@apeletouquet.com\">vetements@apeletouquet.com<\/a>\n                    <\/p>\n                    <p>\n                      <br>\n                    <\/p>\n                  <\/div>\n                <\/div>\n              <\/div>\n            <\/div>\n          <\/div>\n        <\/div>\n      <\/div>\n    <\/div>\n  <\/div>\n<\/div>","protected":false},"excerpt":{"rendered":"<p>L\u2019activit\u00e9 principale de cette commission est de g\u00e9rer la bourse aux v\u00eatements qui se d\u00e9roule chaque ann\u00e9e le jour des inscriptions (d\u00e9but juillet) En pr\u00e9alable \u00e0 cette journ\u00e9e de vente, l\u2019A.P. E organise, en janvier, des s\u00e9ances de reprise de v\u00eatements qui permettent aux parents de venir d\u00e9poser ceux qu\u2019ils d\u00e9sirent vendre. Cette bourse d\u2019\u00e9change [&hellip;]<\/p>\n","protected":false},"author":2,"featured_media":0,"parent":0,"menu_order":0,"comment_status":"closed","ping_status":"closed","template":"page-templates\/full-width-page.php","meta":{"footnotes":""},"class_list":["post-1392","page","type-page","status-publish","hentry"],"_links":{"self":[{"href":"https:\/\/apeletouquet.com\/index.php\/wp-json\/wp\/v2\/pages\/1392","targetHints":{"allow":["GET"]}}],"collection":[{"href":"https:\/\/apeletouquet.com\/index.php\/wp-json\/wp\/v2\/pages"}],"about":[{"href":"https:\/\/apeletouquet.com\/index.php\/wp-json\/wp\/v2\/types\/page"}],"author":[{"embeddable":true,"href":"https:\/\/apeletouquet.com\/index.php\/wp-json\/wp\/v2\/users\/2"}],"replies":[{"embeddable":true,"href":"https:\/\/apeletouquet.com\/index.php\/wp-json\/wp\/v2\/comments?post=1392"}],"version-history":[{"count":8,"href":"https:\/\/apeletouquet.com\/index.php\/wp-json\/wp\/v2\/pages\/1392\/revisions"}],"predecessor-version":[{"id":5317,"href":"https:\/\/apeletouquet.com\/index.php\/wp-json\/wp\/v2\/pages\/1392\/revisions\/5317"}],"wp:attachment":[{"href":"https:\/\/apeletouquet.com\/index.php\/wp-json\/wp\/v2\/media?parent=1392"}],"curies":[{"name":"wp","href":"https:\/\/api.w.org\/{rel}","templated":true}]}}