{"id":1402,"date":"2022-01-11T21:00:34","date_gmt":"2022-01-11T20:00:34","guid":{"rendered":"http:\/\/apeletouquet.com\/?page_id=1402"},"modified":"2022-03-20T19:29:55","modified_gmt":"2022-03-20T18:29:55","slug":"commission-livres","status":"publish","type":"page","link":"https:\/\/apeletouquet.com\/index.php\/commission-livres\/","title":{"rendered":"Commission livres"},"content":{"rendered":"<div data-colibri-id=\"1402-c1\" class=\"style-636 style-local-1402-c1 position-relative\">\n  <!---->\n  <div data-colibri-component=\"section\" data-colibri-id=\"1402-c2\" id=\"custom\" class=\"h-section h-section-global-spacing d-flex align-items-lg-center align-items-md-center align-items-center style-637 style-local-1402-c2 position-relative\">\n    <!---->\n    <!---->\n    <div class=\"h-section-grid-container h-section-boxed-container\">\n      <!---->\n      <div data-colibri-id=\"1402-c3\" class=\"h-row-container gutters-row-lg-2 gutters-row-md-2 gutters-row-0 gutters-row-v-lg-2 gutters-row-v-md-2 gutters-row-v-2 style-638 style-local-1402-c3 position-relative\">\n        <!---->\n        <div class=\"h-row justify-content-lg-center justify-content-md-center justify-content-center align-items-lg-stretch align-items-md-stretch align-items-stretch gutters-col-lg-2 gutters-col-md-2 gutters-col-0 gutters-col-v-lg-2 gutters-col-v-md-2 gutters-col-v-2\">\n          <!---->\n          <div class=\"h-column h-column-container d-flex h-col-lg-auto h-col-md-auto h-col-auto style-639-outer style-local-1402-c4-outer\">\n            <div data-colibri-id=\"1402-c4\" class=\"d-flex h-flex-basis h-column__inner h-px-lg-2 h-px-md-2 h-px-2 v-inner-lg-2 v-inner-md-2 v-inner-2 style-639 style-local-1402-c4 position-relative\">\n              <!---->\n              <!---->\n              <div class=\"w-100 h-y-container h-column__content h-column__v-align flex-basis-100 align-self-lg-start align-self-md-start align-self-start\">\n                <!---->\n                <div data-colibri-id=\"1402-c5\" class=\"h-text h-text-component style-640 style-local-1402-c5 position-relative h-element\">\n                  <!---->\n                  <!---->\n                  <div class=\"\">\n                    <p>La <strong style=\"font-weight: 700;\">commission livres<\/strong> qui a pour mission de faire un achat group\u00e9 pour nos adh\u00e9rents et de vous faire b\u00e9n\u00e9ficier d\u2019une remise de 12%.<\/p>\n                    <p>Son fonctionnement :<\/p>\n                    <p>Vous recevez par courrier le dossier d\u2019inscription et le formulaire de commande de livres de la classe de votre enfant.<\/p>\n                    <p>Le jour des inscriptions vous d\u00e9posez le formulaire livres et son r\u00e8glement aux parents A.P.E de la commission livres ou par courrier avant la date limite des inscriptions<\/p>\n                    <p>L&rsquo;A.P.E se charge de tout et vous percevez le jour de la rentr\u00e9e l&rsquo;ensemble de vos livres.<\/p>\n                    <p>\n                      <br>\n                    <\/p>\n                    <p>Si d\u00e9passement de la date d&rsquo;inscription, les demandes ne seront plus prises en charge.<\/p>\n                    <p>\n                      <br>\n                    <\/p>\n                    <p>Responsable de la commission livres :&nbsp;\n                      <br><span style=\"font-weight: 600;\">Pascale FERON<br><\/span>Email :\n                      <a href=\"mailto: livresscolaires@apeletouquet.com\">livresscolaires@apeletouquet.com<\/a>\n                    <\/p>\n                    <p>\n                      <br>\n                    <\/p>\n                  <\/div>\n                <\/div>\n              <\/div>\n            <\/div>\n          <\/div>\n        <\/div>\n      <\/div>\n    <\/div>\n  <\/div>\n<\/div>","protected":false},"excerpt":{"rendered":"<p>La commission livres qui a pour mission de faire un achat group\u00e9 pour nos adh\u00e9rents et de vous faire b\u00e9n\u00e9ficier d\u2019une remise de 12%. Son fonctionnement : Vous recevez par courrier le dossier d\u2019inscription et le formulaire de commande de livres de la classe de votre enfant. Le jour des inscriptions vous d\u00e9posez le formulaire [&hellip;]<\/p>\n","protected":false},"author":2,"featured_media":0,"parent":0,"menu_order":0,"comment_status":"closed","ping_status":"closed","template":"page-templates\/full-width-page.php","meta":{"footnotes":""},"class_list":["post-1402","page","type-page","status-publish","hentry"],"_links":{"self":[{"href":"https:\/\/apeletouquet.com\/index.php\/wp-json\/wp\/v2\/pages\/1402","targetHints":{"allow":["GET"]}}],"collection":[{"href":"https:\/\/apeletouquet.com\/index.php\/wp-json\/wp\/v2\/pages"}],"about":[{"href":"https:\/\/apeletouquet.com\/index.php\/wp-json\/wp\/v2\/types\/page"}],"author":[{"embeddable":true,"href":"https:\/\/apeletouquet.com\/index.php\/wp-json\/wp\/v2\/users\/2"}],"replies":[{"embeddable":true,"href":"https:\/\/apeletouquet.com\/index.php\/wp-json\/wp\/v2\/comments?post=1402"}],"version-history":[{"count":7,"href":"https:\/\/apeletouquet.com\/index.php\/wp-json\/wp\/v2\/pages\/1402\/revisions"}],"predecessor-version":[{"id":4099,"href":"https:\/\/apeletouquet.com\/index.php\/wp-json\/wp\/v2\/pages\/1402\/revisions\/4099"}],"wp:attachment":[{"href":"https:\/\/apeletouquet.com\/index.php\/wp-json\/wp\/v2\/media?parent=1402"}],"curies":[{"name":"wp","href":"https:\/\/api.w.org\/{rel}","templated":true}]}}