{"id":2401,"date":"2022-03-02T19:01:25","date_gmt":"2022-03-02T18:01:25","guid":{"rendered":"http:\/\/apeletouquet.com\/?page_id=2401"},"modified":"2022-03-02T19:12:52","modified_gmt":"2022-03-02T18:12:52","slug":"la-maison-des-lyceens","status":"publish","type":"page","link":"https:\/\/apeletouquet.com\/index.php\/la-maison-des-lyceens\/","title":{"rendered":"La maison des lyc\u00e9ens"},"content":{"rendered":"<div data-colibri-id=\"2401-c1\" class=\"style-927 style-local-2401-c1 position-relative\">\n  <!---->\n  <div data-colibri-component=\"section\" data-colibri-id=\"2401-c2\" id=\"custom\" class=\"h-section h-section-global-spacing d-flex align-items-lg-center align-items-md-center align-items-center style-928 style-local-2401-c2 position-relative\">\n    <!---->\n    <!---->\n    <div class=\"h-section-grid-container h-section-boxed-container\">\n      <!---->\n      <div data-colibri-id=\"2401-c3\" class=\"h-row-container gutters-row-lg-0 gutters-row-md-0 gutters-row-0 gutters-row-v-lg-0 gutters-row-v-md-0 gutters-row-v-0 style-929 style-local-2401-c3 position-relative\">\n        <!---->\n        <div class=\"h-row justify-content-lg-center justify-content-md-center justify-content-center align-items-lg-stretch align-items-md-stretch align-items-stretch gutters-col-lg-0 gutters-col-md-0 gutters-col-0 gutters-col-v-lg-0 gutters-col-v-md-0 gutters-col-v-0\">\n          <!---->\n          <div class=\"h-column h-column-container d-flex h-col-lg-auto h-col-md-auto h-col-auto style-930-outer style-local-2401-c4-outer\">\n            <div data-colibri-id=\"2401-c4\" class=\"d-flex h-flex-basis h-column__inner h-ui-empty-state-container h-px-lg-2 h-px-md-2 h-px-2 v-inner-lg-2 v-inner-md-2 v-inner-2 style-930 style-local-2401-c4 position-relative\">\n              <!---->\n              <!---->\n              <div class=\"w-100 h-y-container h-column__content h-column__v-align flex-basis-100\">\n                <!---->\n              <\/div>\n            <\/div>\n          <\/div>\n          <div class=\"h-column h-column-container d-flex h-col-lg-auto h-col-md-auto h-col-auto style-931-outer style-local-2401-c5-outer\">\n            <div data-colibri-id=\"2401-c5\" class=\"d-flex h-flex-basis h-column__inner h-px-lg-2 h-px-md-2 h-px-2 v-inner-lg-2 v-inner-md-2 v-inner-2 style-931 style-local-2401-c5 position-relative\">\n              <!---->\n              <!---->\n              <div class=\"w-100 h-y-container h-column__content h-column__v-align flex-basis-100 align-self-lg-start align-self-md-start align-self-start\">\n                <!---->\n                <div data-colibri-id=\"2401-c9\" class=\"h-text h-text-component style-935 style-local-2401-c9 position-relative h-element\">\n                  <!---->\n                  <!---->\n                  <div class=\"\">\n                    <p><span style=\"font-weight: 600;\">C\u2019EST UNE ASSOCIATION A BUT NON LUCRATIF :<\/span><\/p>\n                    <p>La Maison des Lyc\u00e9ens a pour objectif d\u2019am\u00e9liorer le quotidien des \u00e9l\u00e8ves au travers de diverses activit\u00e9s auxquelles vous \u00eates tous invit\u00e9s \u00e0 participer, sous r\u00e9serve du paiement de votre cotisation.<\/p>\n                    <p>Elle organise le prestigieux <span style=\"font-weight: 600;\">\u00ab BAL DES LYCEENS \u00bb<\/span> qui rassemble chaque ann\u00e9e des centaines de convives, parents et amis du lyc\u00e9e. Cette nuit est l&rsquo;occasion pour chacun, El\u00e8ve ou \u00c9tudiant, de montrer\n                      sa d\u00e9termination et son savoir-faire dans tous les domaines de l\u2019organisation et de la mise en \u0153uvre d\u2019une soir\u00e9e de gala : accueil, cuisine, service, spectacle, logistique&#8230;<\/p>\n                    <p>C\u2019est l\u2019occasion pour tous de d\u00e9montrer individuellement et collectivement que l\u2019excellence est une r\u00e9alit\u00e9 au lyc\u00e9e H\u00f4telier du Touquet et de le prouver aux parents.<\/p>\n                    <p>\n                      <br>\n                    <\/p>\n                  <\/div>\n                <\/div>\n              <\/div>\n            <\/div>\n          <\/div>\n        <\/div>\n      <\/div>\n    <\/div>\n  <\/div>\n  <div data-colibri-component=\"section\" data-colibri-id=\"2401-c10\" id=\"custom-2\" class=\"h-section h-section-global-spacing d-flex align-items-lg-center align-items-md-center align-items-center style-936 style-local-2401-c10 position-relative\">\n    <!---->\n    <!---->\n    <div class=\"h-section-grid-container h-section-boxed-container\">\n      <!---->\n      <div data-colibri-id=\"2401-c11\" class=\"h-row-container gutters-row-lg-0 gutters-row-md-0 gutters-row-0 gutters-row-v-lg-0 gutters-row-v-md-0 gutters-row-v-0 style-937 style-local-2401-c11 position-relative\">\n        <!---->\n        <div class=\"h-row justify-content-lg-start justify-content-md-start justify-content-start align-items-lg-stretch align-items-md-stretch align-items-stretch gutters-col-lg-0 gutters-col-md-0 gutters-col-0 gutters-col-v-lg-0 gutters-col-v-md-0 gutters-col-v-0\">\n          <!---->\n          <div class=\"h-column h-column-container d-flex h-col-lg-auto h-col-md-auto h-col-auto style-938-outer style-local-2401-c12-outer\">\n            <div data-colibri-id=\"2401-c12\" class=\"d-flex h-flex-basis h-column__inner h-px-lg-0 h-px-md-0 h-px-0 v-inner-lg-0 v-inner-md-0 v-inner-0 style-938 style-local-2401-c12 position-relative\">\n              <!---->\n              <!---->\n              <div class=\"w-100 h-y-container h-column__content h-column__v-align flex-basis-100 align-self-lg-start align-self-md-start align-self-start\">\n                <!---->\n                <div data-colibri-id=\"2401-c16\" class=\"style-943 style-local-2401-c16 position-relative h-element\">\n                  <!---->\n                  <div class=\"d-flex flex-wrap h-social-icons justify-content-lg-end justify-content-md-end justify-content-end\">\n                    <div class=\"social-icon-container d-inline-flex\">\n                      <a href=\"https:\/\/fr-fr.facebook.com\/MDLtouquet\/\" h-use-smooth-scroll=\"true\">\n                        <div class=\"icon-container h-social-icon h-global-transition\">\n                          <div class=\"h-icon-svg\" style=\"width: 100%; height: 100%;\">\n                            <!--Icon by Font Awesome (https:\/\/fontawesome.com)-->\n                            <svg version=\"1.1\" xmlns=\"http:\/\/www.w3.org\/2000\/svg\" xmlns:xlink=\"http:\/\/www.w3.org\/1999\/xlink\" id=\"facebook-square\" viewBox=\"0 0 1536 1896.0833\">\n                              <path d=\"M1248 128q119 0 203.5 84.5T1536 416v960q0 119-84.5 203.5T1248 1664h-188v-595h199l30-232h-229V689q0-56 23.5-84t91.5-28l122-1V369q-63-9-178-9-136 0-217.5 80T820 666v171H620v232h200v595H288q-119 0-203.5-84.5T0 1376V416q0-119 84.5-203.5T288 128h960z\"><\/path>\n                            <\/svg>\n                          <\/div>\n                        <\/div>\n                      <\/a>\n                    <\/div>\n                  <\/div>\n                <\/div>\n              <\/div>\n            <\/div>\n          <\/div>\n          <div class=\"h-column h-column-container d-flex h-col-lg-auto h-col-md-auto h-col-auto style-939-outer style-local-2401-c13-outer\">\n            <div data-colibri-id=\"2401-c13\" class=\"d-flex h-flex-basis h-column__inner h-px-lg-0 h-px-md-0 h-px-0 v-inner-lg-0 v-inner-md-0 v-inner-0 style-939 style-local-2401-c13 position-relative\">\n              <!---->\n              <!---->\n              <div class=\"w-100 h-y-container h-column__content h-column__v-align flex-basis-100 align-self-lg-center align-self-md-center align-self-center\">\n                <!---->\n                <div data-colibri-id=\"2401-c14\" class=\"h-x-container style-940 style-local-2401-c14 position-relative h-element\">\n                  <!---->\n                  <div class=\"h-x-container-inner style-dynamic-2401-c14-group style-940-spacing style-local-2401-c14-spacing\"><span class=\"h-link__outer style-941-outer style-local-2401-c15-outer d-inline-flex h-element\"><a h-use-smooth-scroll=\"true\" href=\"https:\/\/fr-fr.facebook.com\/MDLtouquet\/\"  data-colibri-id=\"2401-c15\" class=\"d-flex w-100 align-items-center h-link style-941 style-local-2401-c15 position-relative\"><!----><!----> <span>https:\/\/fr-fr.facebook.com\/MDLtouquet\/<\/span><\/a>\n                    <\/span>\n                  <\/div>\n                <\/div>\n              <\/div>\n            <\/div>\n          <\/div>\n        <\/div>\n      <\/div>\n    <\/div>\n  <\/div>\n<\/div>","protected":false},"excerpt":{"rendered":"<p>C\u2019EST UNE ASSOCIATION A BUT NON LUCRATIF : La Maison des Lyc\u00e9ens a pour objectif d\u2019am\u00e9liorer le quotidien des \u00e9l\u00e8ves au travers de diverses activit\u00e9s auxquelles vous \u00eates tous invit\u00e9s \u00e0 participer, sous r\u00e9serve du paiement de votre cotisation. Elle organise le prestigieux \u00ab BAL DES LYCEENS \u00bb qui rassemble chaque ann\u00e9e des centaines de [&hellip;]<\/p>\n","protected":false},"author":2,"featured_media":0,"parent":0,"menu_order":0,"comment_status":"closed","ping_status":"closed","template":"page-templates\/full-width-page.php","meta":{"footnotes":""},"class_list":["post-2401","page","type-page","status-publish","hentry"],"_links":{"self":[{"href":"https:\/\/apeletouquet.com\/index.php\/wp-json\/wp\/v2\/pages\/2401","targetHints":{"allow":["GET"]}}],"collection":[{"href":"https:\/\/apeletouquet.com\/index.php\/wp-json\/wp\/v2\/pages"}],"about":[{"href":"https:\/\/apeletouquet.com\/index.php\/wp-json\/wp\/v2\/types\/page"}],"author":[{"embeddable":true,"href":"https:\/\/apeletouquet.com\/index.php\/wp-json\/wp\/v2\/users\/2"}],"replies":[{"embeddable":true,"href":"https:\/\/apeletouquet.com\/index.php\/wp-json\/wp\/v2\/comments?post=2401"}],"version-history":[{"count":11,"href":"https:\/\/apeletouquet.com\/index.php\/wp-json\/wp\/v2\/pages\/2401\/revisions"}],"predecessor-version":[{"id":2470,"href":"https:\/\/apeletouquet.com\/index.php\/wp-json\/wp\/v2\/pages\/2401\/revisions\/2470"}],"wp:attachment":[{"href":"https:\/\/apeletouquet.com\/index.php\/wp-json\/wp\/v2\/media?parent=2401"}],"curies":[{"name":"wp","href":"https:\/\/api.w.org\/{rel}","templated":true}]}}