{"id":34,"date":"2021-12-01T11:49:30","date_gmt":"2021-12-01T10:49:30","guid":{"rendered":"http:\/\/apeletouquet.com\/?page_id=34"},"modified":"2026-01-31T12:57:03","modified_gmt":"2026-01-31T11:57:03","slug":"inscription","status":"publish","type":"page","link":"https:\/\/apeletouquet.com\/index.php\/inscription\/","title":{"rendered":"Inscription au lyc\u00e9e &#038; Adh\u00e9sion \u00e0 l&rsquo;APE du Touquet"},"content":{"rendered":"<div data-colibri-id=\"34-c1\" class=\"style-314 style-local-34-c1 position-relative\">\n  <!---->\n  <div data-colibri-component=\"section\" data-colibri-id=\"34-c2\" id=\"custom\" class=\"h-section h-section-global-spacing d-flex align-items-lg-center align-items-md-center align-items-center style-315 style-local-34-c2 position-relative\">\n    <!---->\n    <!---->\n    <div class=\"h-section-grid-container h-section-boxed-container\">\n      <!---->\n      <div data-colibri-id=\"34-c3\" class=\"h-row-container gutters-row-lg-0 gutters-row-md-0 gutters-row-0 gutters-row-v-lg-0 gutters-row-v-md-0 gutters-row-v-0 style-316 style-local-34-c3 position-relative\">\n        <!---->\n        <div class=\"h-row justify-content-lg-center justify-content-md-center justify-content-center align-items-lg-stretch align-items-md-stretch align-items-stretch gutters-col-lg-0 gutters-col-md-0 gutters-col-0 gutters-col-v-lg-0 gutters-col-v-md-0 gutters-col-v-0\">\n          <!---->\n          <div class=\"h-column h-column-container d-flex h-col-lg-auto h-col-md-auto h-col-auto style-317-outer style-local-34-c4-outer\">\n            <div data-colibri-id=\"34-c4\" class=\"d-flex h-flex-basis h-column__inner h-px-lg-3 h-px-md-3 h-px-3 v-inner-lg-3 v-inner-md-3 v-inner-3 style-317 style-local-34-c4 position-relative\">\n              <!---->\n              <!---->\n              <div class=\"w-100 h-y-container h-column__content h-column__v-align flex-basis-100 align-self-lg-start align-self-md-start align-self-start\">\n                <!---->\n                <div data-colibri-id=\"34-c5\" class=\"h-text h-text-component style-318 style-local-34-c5 position-relative h-element\">\n                  <!---->\n                  <!---->\n                  <div class=\"\">\n                    <p>Les inscriptions en pr\u00e9sentiel auront lieu les vendredis 5 et 12 juillet 2024, sur rendez-vous fix\u00e9 par le lyc\u00e9e.\n                      <br>L&rsquo;\u00e9quipe de l&rsquo;APE sera pr\u00e9sente pour r\u00e9cup\u00e9rer les dossiers d\u2019adh\u00e9sion APE. Merci de v\u00e9rifier la compl\u00e9tude du dossier.\n                      <br>Vous pouvez aussi nous envoyer les documents par courrier : attention regardez bien les adresses d&rsquo;envoi not\u00e9es sur les formulaires.<\/p>\n                    <p>Le lyc\u00e9e fait parvenir aux El\u00e8ves par courrier le dossier complet accompagn\u00e9 de celui de l\u2019A.P. E<\/p>\n                    <p>Le dossier de l&rsquo;APE ne doit pas \u00eatre renvoy\u00e9 au lyc\u00e9e mais imp\u00e9rativement \u00e0 l\u2019adresse indiqu\u00e9e sur le dossier.<\/p>\n                    <p>Vous pouvez \u00e9galement le remettre rempli et complet le jour des inscriptions aux responsables de l&rsquo;APE qui seront pr\u00e9sents.<\/p>\n                    <p>Dans ce dossier vous trouverez :\n                      <br>* Le\n                      <a href=\"https:\/\/apeletouquet.com\/wp-content\/uploads\/2023\/05\/dossier-inscription-2023-2024.pdf\" target=\"_blank\" class=\"customize-unpreviewable\">Dossier Inscription \u00e0 l\u2019Association des Parents d\u2019El\u00e8ves<\/a>\n                      <br>* Le Bon de Commande des livres et son r\u00e8glement (pour les adh\u00e9rents de l\u2019A.P.E).<\/p>\n                    <p>\n                      <u style=\"font-weight: 600;\">Pour Information :<\/u><span style=\"font-weight: 600;\"><br><\/span>L\u2019adh\u00e9sion \u00e0 l\u2019A.P.E est de 35\u20ac\n                      <br>L\u2019adh\u00e9sion est obligatoire pour pouvoir commander les livres (avec r\u00e9duction), obtenir le listing logements, b\u00e9n\u00e9ficier de r\u00e9duction sur les v\u00eatements&#8230;<\/p>\n                    <p>\n                      <br>\n                    <\/p>\n                  <\/div>\n                <\/div>\n              <\/div>\n            <\/div>\n          <\/div>\n        <\/div>\n      <\/div>\n      <div data-colibri-id=\"34-c10\" class=\"h-row-container gutters-row-lg-2 gutters-row-md-2 gutters-row-0 gutters-row-v-lg-2 gutters-row-v-md-2 gutters-row-v-2 style-1659 style-local-34-c10 position-relative\">\n        <!---->\n        <div class=\"h-row justify-content-lg-center justify-content-md-center justify-content-center align-items-lg-stretch align-items-md-stretch align-items-stretch gutters-col-lg-2 gutters-col-md-2 gutters-col-0 gutters-col-v-lg-2 gutters-col-v-md-2 gutters-col-v-2\">\n          <!---->\n          <div class=\"h-column h-column-container d-flex h-col-lg-auto h-col-md-auto h-col-auto style-1660-outer style-local-34-c11-outer\">\n            <div data-colibri-id=\"34-c11\" class=\"d-flex h-flex-basis h-column__inner h-px-lg-2 h-px-md-2 h-px-2 v-inner-lg-2 v-inner-md-2 v-inner-2 style-1660 style-local-34-c11 position-relative\">\n              <!---->\n              <!---->\n              <div class=\"w-100 h-y-container h-column__content h-column__v-align flex-basis-100 align-self-lg-start align-self-md-start align-self-start\">\n                <!---->\n                <div data-colibri-id=\"34-c12\" class=\"style-1465 style-local-34-c12 position-relative h-element\">\n                  <!---->\n                  <div class=\"\">\n                    <iframe id=\"haWidget\" allowtransparency=\"true\" src=\"https:\/\/www.helloasso.com\/associations\/association-des-parents-d-eleves-du-lycee-technique-et-du-cet-hoteliers-du-touquet\/adhesions\/adhesion-annuelle-2026-2027-a-l-ape-du-touquet\/widget\"\n                      style=\"width: 100%; border: none;\" onload=\"window.addEventListener( 'message', function(e) { const dataHeight = e.data.height; const haWidgetElement = document.getElementById('haWidget'); haWidgetElement.height = dataHeight + 'px'; } )\"><\/iframe>\n                  <\/div>\n                <\/div>\n              <\/div>\n            <\/div>\n          <\/div>\n        <\/div>\n      <\/div>\n      <div data-colibri-id=\"34-c6\" class=\"h-row-container gutters-row-lg-2 gutters-row-md-2 gutters-row-0 gutters-row-v-lg-2 gutters-row-v-md-2 gutters-row-v-2 style-1463 style-local-34-c6 position-relative\">\n        <!---->\n        <div class=\"h-row justify-content-lg-center justify-content-md-center justify-content-center align-items-lg-stretch align-items-md-stretch align-items-stretch gutters-col-lg-2 gutters-col-md-2 gutters-col-0 gutters-col-v-lg-2 gutters-col-v-md-2 gutters-col-v-2\">\n          <!---->\n          <div class=\"h-column h-column-container d-flex h-col-lg-auto h-col-md-auto h-col-auto style-1464-outer style-local-34-c7-outer\">\n            <div data-colibri-id=\"34-c7\" class=\"d-flex h-flex-basis h-column__inner h-ui-empty-state-container h-px-lg-2 h-px-md-2 h-px-2 v-inner-lg-2 v-inner-md-2 v-inner-2 style-1464 style-local-34-c7 position-relative\">\n              <!---->\n              <!---->\n              <div class=\"w-100 h-y-container h-column__content h-column__v-align flex-basis-100\">\n                <!---->\n              <\/div>\n            <\/div>\n          <\/div>\n          <div class=\"h-column h-column-container d-flex h-col-lg-auto h-col-md-auto h-col-auto style-1464-outer style-local-34-c8-outer\">\n            <div data-colibri-id=\"34-c8\" class=\"d-flex h-flex-basis h-column__inner h-ui-empty-state-container h-px-lg-2 h-px-md-2 h-px-2 v-inner-lg-2 v-inner-md-2 v-inner-2 style-1464 style-local-34-c8 position-relative\">\n              <!---->\n              <!---->\n              <div class=\"w-100 h-y-container h-column__content h-column__v-align flex-basis-100\">\n                <!---->\n              <\/div>\n            <\/div>\n          <\/div>\n        <\/div>\n      <\/div>\n    <\/div>\n  <\/div>\n<\/div>","protected":false},"excerpt":{"rendered":"<p>Les inscriptions en pr\u00e9sentiel auront lieu les vendredis 5 et 12 juillet 2024, sur rendez-vous fix\u00e9 par le lyc\u00e9e. L&rsquo;\u00e9quipe de l&rsquo;APE sera pr\u00e9sente pour r\u00e9cup\u00e9rer les dossiers d\u2019adh\u00e9sion APE. Merci de v\u00e9rifier la compl\u00e9tude du dossier. Vous pouvez aussi nous envoyer les documents par courrier : attention regardez bien les adresses d&rsquo;envoi not\u00e9es sur [&hellip;]<\/p>\n","protected":false},"author":2,"featured_media":0,"parent":0,"menu_order":0,"comment_status":"closed","ping_status":"closed","template":"page-templates\/full-width-page.php","meta":{"footnotes":""},"class_list":["post-34","page","type-page","status-publish","hentry"],"_links":{"self":[{"href":"https:\/\/apeletouquet.com\/index.php\/wp-json\/wp\/v2\/pages\/34","targetHints":{"allow":["GET"]}}],"collection":[{"href":"https:\/\/apeletouquet.com\/index.php\/wp-json\/wp\/v2\/pages"}],"about":[{"href":"https:\/\/apeletouquet.com\/index.php\/wp-json\/wp\/v2\/types\/page"}],"author":[{"embeddable":true,"href":"https:\/\/apeletouquet.com\/index.php\/wp-json\/wp\/v2\/users\/2"}],"replies":[{"embeddable":true,"href":"https:\/\/apeletouquet.com\/index.php\/wp-json\/wp\/v2\/comments?post=34"}],"version-history":[{"count":20,"href":"https:\/\/apeletouquet.com\/index.php\/wp-json\/wp\/v2\/pages\/34\/revisions"}],"predecessor-version":[{"id":5482,"href":"https:\/\/apeletouquet.com\/index.php\/wp-json\/wp\/v2\/pages\/34\/revisions\/5482"}],"wp:attachment":[{"href":"https:\/\/apeletouquet.com\/index.php\/wp-json\/wp\/v2\/media?parent=34"}],"curies":[{"name":"wp","href":"https:\/\/api.w.org\/{rel}","templated":true}]}}