{"id":5136,"date":"2023-03-11T15:53:53","date_gmt":"2023-03-11T14:53:53","guid":{"rendered":"https:\/\/apeletouquet.com\/?page_id=5136"},"modified":"2025-03-01T22:24:04","modified_gmt":"2025-03-01T21:24:04","slug":"livre-50eme-anniversaire","status":"publish","type":"page","link":"https:\/\/apeletouquet.com\/index.php\/livre-50eme-anniversaire\/","title":{"rendered":"Livre 50\u00e8me anniversaire"},"content":{"rendered":"<div class=\"style-1598 style-local-5136-c1 position-relative\" data-colibri-id=\"5136-c1\">\n<div id=\"about\" class=\"h-section h-section-global-spacing d-flex align-items-lg-center align-items-md-center align-items-center style-1627 style-local-5136-c30 position-relative\" data-colibri-component=\"section\" data-colibri-id=\"5136-c30\">\n<div class=\"background-wrapper\">\n<div class=\"background-layer background-layer-media-container-lg\">\n<div class=\"overlay-layer\">\n<div class=\"overlay-image-layer\" style=\"background-color: #ffffff; opacity: 0.9;\"><\/div>\n<\/div>\n<\/div>\n<div class=\"background-layer background-layer-media-container-md\">\n<div class=\"overlay-layer\">\n<div class=\"overlay-image-layer\" style=\"background-color: #ffffff; opacity: 0.9;\"><\/div>\n<\/div>\n<\/div>\n<div class=\"background-layer background-layer-media-container\">\n<div class=\"overlay-layer\">\n<div class=\"overlay-image-layer\" style=\"background-color: #ffffff; opacity: 0.9;\"><\/div>\n<\/div>\n<\/div>\n<\/div>\n<div class=\"h-section-grid-container h-section-boxed-container\">\n<div class=\"h-row-container gutters-row-lg-0 gutters-row-md-0 gutters-row-0 gutters-row-v-lg-0 gutters-row-v-md-0 gutters-row-v-0 style-1628 style-local-5136-c31 position-relative\" data-colibri-id=\"5136-c31\">\n<div class=\"h-row justify-content-lg-center justify-content-md-center justify-content-center align-items-lg-stretch align-items-md-stretch align-items-stretch gutters-col-lg-0 gutters-col-md-0 gutters-col-0 gutters-col-v-lg-0 gutters-col-v-md-0 gutters-col-v-0\">\n<div class=\"h-column h-column-container d-flex h-col-lg-auto h-col-md-auto h-col-auto style-1629-outer style-local-5136-c32-outer\">\n<div class=\"d-flex h-flex-basis h-column__inner h-ui-empty-state-container h-px-lg-0 h-px-md-0 h-px-0 v-inner-lg-0 v-inner-md-0 v-inner-0 style-1629 style-local-5136-c32 position-relative\" data-colibri-id=\"5136-c32\">\n<div class=\"w-100 h-y-container h-column__content h-column__v-align flex-basis-100\"><\/div>\n<\/div>\n<\/div>\n<div class=\"h-column h-column-container d-flex h-col-lg-auto h-col-md-auto h-col-auto style-1630-outer style-local-5136-c33-outer\">\n<div class=\"d-flex h-flex-basis h-column__inner h-ui-empty-state-container h-px-lg-2 h-px-md-2 h-px-0 v-inner-lg-2 v-inner-md-2 v-inner-0 style-1630 style-local-5136-c33 position-relative\" data-colibri-id=\"5136-c33\">\n<div class=\"w-100 h-y-container h-column__content h-column__v-align flex-basis-100\"><\/div>\n<\/div>\n<\/div>\n<div class=\"h-column h-column-container d-flex h-col-lg-auto h-col-md-auto h-col-auto style-1631-outer style-local-5136-c34-outer\">\n<div class=\"d-flex h-flex-basis h-column__inner h-px-lg-3 h-px-md-3 h-px-3 v-inner-lg-3 v-inner-md-3 v-inner-3 style-1631 style-local-5136-c34 position-relative\" data-colibri-id=\"5136-c34\">\n<div class=\"w-100 h-y-container h-column__content h-column__v-align flex-basis-100 align-self-lg-center align-self-md-center align-self-center\">\n<div class=\"h-global-transition-all h-heading style-1632 style-local-5136-c35 position-relative h-element\" data-colibri-id=\"5136-c35\">\n<div class=\"h-heading__outer style-1632 style-local-5136-c35\">\n<h3 class=\"\">Livre publi\u00e9 \u00e0 l&rsquo;occasion des 50 ans du Lyc\u00e9e H\u00f4telier du Touquet<\/h3>\n<\/div>\n<\/div>\n<div class=\"h-text h-text-component style-1633 style-local-5136-c36 position-relative h-element\" data-colibri-id=\"5136-c36\">\n<div class=\"\">\n\n50 ans \/ 50 chefs \/ 50 recettes\n\nPrix de vente : 10 \u20ac\n\n<\/div>\n<\/div>\n<div class=\"h-x-container style-1634 style-local-5136-c37 position-relative h-element\" data-colibri-id=\"5136-c37\">\n<div class=\"h-x-container-inner style-dynamic-5136-c37-group style-1634-spacing style-local-5136-c37-spacing\"><span class=\"h-button__outer style-1635-outer style-local-5136-c38-outer d-inline-flex h-element\"><a class=\"d-flex w-100 align-items-center h-button justify-content-lg-center justify-content-md-center justify-content-center style-1635 style-local-5136-c38 position-relative\" href=\"https:\/\/www.helloasso.com\/associations\/association-des-parents-d-eleves-du-lycee-technique-et-du-cet-hoteliers-du-touquet\/evenements\/livre-50-ans-du-lycee-hotelier-du-touquet\" target=\"_blank\" rel=\"noopener\" data-colibri-id=\"5136-c38\"> J&rsquo;ach\u00e8te le livre<\/a>\n<\/span><\/div>\n<\/div>\n<\/div>\n<\/div>\n<\/div>\n<\/div>\n<\/div>\n<\/div>\n<\/div>\n<\/div>","protected":false},"excerpt":{"rendered":"<p>Livre publi\u00e9 \u00e0 l&rsquo;occasion des 50 ans du Lyc\u00e9e H\u00f4telier du Touquet 50 ans \/ 50 chefs \/ 50 recettes Prix de vente : 10 \u20ac J&rsquo;ach\u00e8te le livre<\/p>\n","protected":false},"author":3,"featured_media":0,"parent":0,"menu_order":0,"comment_status":"closed","ping_status":"closed","template":"page-templates\/full-width-page.php","meta":{"footnotes":""},"class_list":["post-5136","page","type-page","status-publish","hentry"],"_links":{"self":[{"href":"https:\/\/apeletouquet.com\/index.php\/wp-json\/wp\/v2\/pages\/5136","targetHints":{"allow":["GET"]}}],"collection":[{"href":"https:\/\/apeletouquet.com\/index.php\/wp-json\/wp\/v2\/pages"}],"about":[{"href":"https:\/\/apeletouquet.com\/index.php\/wp-json\/wp\/v2\/types\/page"}],"author":[{"embeddable":true,"href":"https:\/\/apeletouquet.com\/index.php\/wp-json\/wp\/v2\/users\/3"}],"replies":[{"embeddable":true,"href":"https:\/\/apeletouquet.com\/index.php\/wp-json\/wp\/v2\/comments?post=5136"}],"version-history":[{"count":10,"href":"https:\/\/apeletouquet.com\/index.php\/wp-json\/wp\/v2\/pages\/5136\/revisions"}],"predecessor-version":[{"id":5478,"href":"https:\/\/apeletouquet.com\/index.php\/wp-json\/wp\/v2\/pages\/5136\/revisions\/5478"}],"wp:attachment":[{"href":"https:\/\/apeletouquet.com\/index.php\/wp-json\/wp\/v2\/media?parent=5136"}],"curies":[{"name":"wp","href":"https:\/\/api.w.org\/{rel}","templated":true}]}}