{"id":588,"date":"2021-12-09T18:36:41","date_gmt":"2021-12-09T17:36:41","guid":{"rendered":"http:\/\/apeletouquet.com\/?page_id=588"},"modified":"2022-03-02T18:56:37","modified_gmt":"2022-03-02T17:56:37","slug":"absence-du-lyceen","status":"publish","type":"page","link":"https:\/\/apeletouquet.com\/index.php\/absence-du-lyceen\/","title":{"rendered":"Absence du lyc\u00e9en"},"content":{"rendered":"<div data-colibri-id=\"588-c1\" class=\"style-574 style-local-588-c1 position-relative\">\n  <!---->\n  <div data-colibri-component=\"section\" data-colibri-id=\"588-c2\" id=\"custom\" class=\"h-section h-section-global-spacing d-flex align-items-lg-center align-items-md-center align-items-center style-579 style-local-588-c2 position-relative\">\n    <!---->\n    <!---->\n    <div class=\"h-section-grid-container h-section-boxed-container\">\n      <!---->\n      <div data-colibri-id=\"588-c3\" class=\"h-row-container gutters-row-lg-2 gutters-row-md-2 gutters-row-0 gutters-row-v-lg-2 gutters-row-v-md-2 gutters-row-v-2 style-580 style-local-588-c3 position-relative\">\n        <!---->\n        <div class=\"h-row justify-content-lg-center justify-content-md-center justify-content-center align-items-lg-stretch align-items-md-stretch align-items-stretch gutters-col-lg-2 gutters-col-md-2 gutters-col-0 gutters-col-v-lg-2 gutters-col-v-md-2 gutters-col-v-2\">\n          <!---->\n          <div class=\"h-column h-column-container d-flex h-col-lg-auto h-col-md-auto h-col-auto style-581-outer style-local-588-c4-outer\">\n            <div data-colibri-id=\"588-c4\" class=\"d-flex h-flex-basis h-column__inner h-px-lg-2 h-px-md-2 h-px-2 v-inner-lg-2 v-inner-md-2 v-inner-2 style-581 style-local-588-c4 position-relative\">\n              <!---->\n              <!---->\n              <div class=\"w-100 h-y-container h-column__content h-column__v-align flex-basis-100 align-self-lg-start align-self-md-start align-self-start\">\n                <!---->\n                <div data-colibri-id=\"588-c5\" class=\"h-text h-text-component style-582 style-local-588-c5 position-relative h-element\">\n                  <!---->\n                  <!---->\n                  <div class=\"\">\n                    <p><strong style=\"font-weight: 700;\">SOUFFRANT OU BLESSE<\/strong><\/p>\n                    <p>Dans la journ\u00e9e, un service d\u2019infirmerie est \u00e0 votre disposition de 7h00 \u00e0 19h30 ; signalez lui tout probl\u00e8me de sant\u00e9, y compris si vous avez contact\u00e9 votre m\u00e9decin ou l\u2019h\u00f4pital.<\/p>\n                    <p>La nuit, vous pr\u00e9venez le maitre d\u2019internat qui en fonction de la gravit\u00e9 du cas contactera l\u2019infirmi\u00e8re ou le personnel de garde.<\/p>\n                    <p>\n                      <br>Si vous vous blessez au cours d\u2019une activit\u00e9 dans le cadre du programme scolaire (cours, TP, \u00e9ducation physique, d\u00e9placements effectu\u00e9s dans les intervalles de cours \u00e0 l\u2019int\u00e9rieur ou l\u2019ext\u00e9rieur de l\u2019\u00e9tablissement) une d\u00e9claration\n                      d\u2019accident doit \u00eatre obligatoirement \u00eatre \u00e9tablie par le lyc\u00e9e afin de garantir votre prise en charge.<\/p>\n                    <p><span style=\"font-weight: 600;\">ATTENTION :<\/span> votre propre couverture sociale ne prend pas en compte les d\u00e9passements d\u2019honoraires ou de frais pharmaceutiques !<\/p>\n                    <p>\n                      <br>Si cela survient durant les trajets, la prise en charge est effectu\u00e9e par l&rsquo;assurance des parents.<\/p>\n                    <p>\n                      <br>\n                    <\/p>\n                  <\/div>\n                <\/div>\n              <\/div>\n            <\/div>\n          <\/div>\n        <\/div>\n      <\/div>\n    <\/div>\n  <\/div>\n<\/div>","protected":false},"excerpt":{"rendered":"<p>SOUFFRANT OU BLESSE Dans la journ\u00e9e, un service d\u2019infirmerie est \u00e0 votre disposition de 7h00 \u00e0 19h30 ; signalez lui tout probl\u00e8me de sant\u00e9, y compris si vous avez contact\u00e9 votre m\u00e9decin ou l\u2019h\u00f4pital. La nuit, vous pr\u00e9venez le maitre d\u2019internat qui en fonction de la gravit\u00e9 du cas contactera l\u2019infirmi\u00e8re ou le personnel de [&hellip;]<\/p>\n","protected":false},"author":2,"featured_media":0,"parent":0,"menu_order":0,"comment_status":"closed","ping_status":"closed","template":"page-templates\/full-width-page.php","meta":{"footnotes":""},"class_list":["post-588","page","type-page","status-publish","hentry"],"_links":{"self":[{"href":"https:\/\/apeletouquet.com\/index.php\/wp-json\/wp\/v2\/pages\/588","targetHints":{"allow":["GET"]}}],"collection":[{"href":"https:\/\/apeletouquet.com\/index.php\/wp-json\/wp\/v2\/pages"}],"about":[{"href":"https:\/\/apeletouquet.com\/index.php\/wp-json\/wp\/v2\/types\/page"}],"author":[{"embeddable":true,"href":"https:\/\/apeletouquet.com\/index.php\/wp-json\/wp\/v2\/users\/2"}],"replies":[{"embeddable":true,"href":"https:\/\/apeletouquet.com\/index.php\/wp-json\/wp\/v2\/comments?post=588"}],"version-history":[{"count":4,"href":"https:\/\/apeletouquet.com\/index.php\/wp-json\/wp\/v2\/pages\/588\/revisions"}],"predecessor-version":[{"id":2396,"href":"https:\/\/apeletouquet.com\/index.php\/wp-json\/wp\/v2\/pages\/588\/revisions\/2396"}],"wp:attachment":[{"href":"https:\/\/apeletouquet.com\/index.php\/wp-json\/wp\/v2\/media?parent=588"}],"curies":[{"name":"wp","href":"https:\/\/api.w.org\/{rel}","templated":true}]}}